{"id":1757,"date":"2022-03-11T15:26:34","date_gmt":"2022-03-11T21:26:34","guid":{"rendered":"https:\/\/precisionmidev.wpenginepowered.com\/esp\/?page_id=1757"},"modified":"2025-08-19T01:33:10","modified_gmt":"2025-08-19T06:33:10","slug":"garage-door-warranty","status":"publish","type":"page","link":"https:\/\/precisiongaragedoorofthekeys.com\/esp\/garage-door-warranty\/","title":{"rendered":"Garant\u00eda"},"content":{"rendered":"<p>[et_pb_section fb_built=&#8221;1&#8243; admin_label=&#8221;Header&#8221; _builder_version=&#8221;4.18.0&#8243; _module_preset=&#8221;default&#8221; use_background_color_gradient=&#8221;on&#8221; background_color_gradient_direction=&#8221;1deg&#8221; background_color_gradient_stops=&#8221;rgba(0,0,0,0.7) 0%|rgba(0,0,0,0.7) 100%&#8221; background_color_gradient_overlays_image=&#8221;on&#8221; background_color_gradient_start=&#8221;rgba(10,0,1,0.7)&#8221; background_color_gradient_end=&#8221;rgba(10,0,1,0)&#8221; background_color_gradient_end_position=&#8221;30%&#8221; background_image=&#8221;https:\/\/precisiongaragedoorofthekeys.com\/esp\/wp-content\/uploads\/sites\/3\/2020\/11\/CTAandBanner-min.jpg&#8221; custom_padding=&#8221;50px||50px||true|false&#8221; background_last_edited=&#8221;on|phone&#8221; background_size_phone=&#8221;cover&#8221; background_position_phone=&#8221;center&#8221; custom_css_main_element=&#8221;background-position: center bottom 25% !important;&#8221; locked=&#8221;off&#8221; global_colors_info=&#8221;%91%93&#8243; custom_css_main_element_last_edited=&#8221;on|phone&#8221; custom_css_main_element_phone=&#8221;background-position: right 20% center;&#8221; custom_css_main_element_tablet=&#8221;background-position: center bottom 25% !important;&#8221;][et_pb_row custom_padding_last_edited=&#8221;on|phone&#8221; _builder_version=&#8221;4.16&#8243; _module_preset=&#8221;default&#8221; width_tablet=&#8221;&#8221; width_phone=&#8221;&#8221; width_last_edited=&#8221;on|phone&#8221; custom_padding_tablet=&#8221;&#8221; custom_padding_phone=&#8221;||0px||false|false&#8221; global_colors_info=&#8221;%91%93&#8243;][et_pb_column type=&#8221;4_4&#8243; _builder_version=&#8221;4.16&#8243; _module_preset=&#8221;default&#8221; global_colors_info=&#8221;{}&#8221;][et_pb_text admin_label=&#8221;Header&#8221; _builder_version=&#8221;4.18.0&#8243; _dynamic_attributes=&#8221;content&#8221; _module_preset=&#8221;default&#8221; link_font=&#8221;||||on||||&#8221; header_font=&#8221;|700|||||||&#8221; header_font_size=&#8221;50px&#8221; header_line_height=&#8221;1.3em&#8221; header_2_font=&#8221;||||||||&#8221; header_2_font_size=&#8221;27px&#8221; header_2_line_height=&#8221;1.3em&#8221; background_layout=&#8221;dark&#8221; header_font_size_tablet=&#8221;&#8221; header_font_size_phone=&#8221;34px&#8221; header_font_size_last_edited=&#8221;on|phone&#8221; header_2_font_size_phone=&#8221;23px&#8221; global_colors_info=&#8221;%91%93&#8243;]@ET-DC@eyJkeW5hbWljIjp0cnVlLCJjb250ZW50IjoicG9zdF90aXRsZSIsInNldHRpbmdzIjp7ImJlZm9yZSI6IjxoMT4iLCJhZnRlciI6IjwvaDE+In19@[\/et_pb_text][\/et_pb_column][\/et_pb_row][\/et_pb_section][et_pb_section fb_built=&#8221;1&#8243; admin_label=&#8221;section&#8221; _builder_version=&#8221;4.16&#8243; global_colors_info=&#8221;{}&#8221;][et_pb_row admin_label=&#8221;row&#8221; _builder_version=&#8221;4.16&#8243; background_size=&#8221;initial&#8221; background_position=&#8221;top_left&#8221; background_repeat=&#8221;repeat&#8221; global_colors_info=&#8221;{}&#8221;][et_pb_column type=&#8221;4_4&#8243; _builder_version=&#8221;4.16&#8243; custom_padding=&#8221;|||&#8221; global_colors_info=&#8221;{}&#8221; custom_padding__hover=&#8221;|||&#8221;][et_pb_text admin_label=&#8221;Text&#8221; _builder_version=&#8221;4.27.0&#8243; background_size=&#8221;initial&#8221; background_position=&#8221;top_left&#8221; background_repeat=&#8221;repeat&#8221; hover_enabled=&#8221;0&#8243; global_colors_info=&#8221;{}&#8221; sticky_enabled=&#8221;0&#8243;]<\/p>\n<h2 style=\"text-align: center;\"><strong>Garant\u00eda de Precisi\u00f3n para Puertas de Garaje<br \/>\n<\/strong><\/h2>\n<p>Nuestro lema es &#8220;Reparamos Puertas de Garaje Bien&#8221;.\u2122 Este enfoque \u00fanico nos ha llevado a ser pioneros en la garant\u00eda est\u00e1ndar de la industria para la reparaci\u00f3n de puertas de garaje. Sin embargo, nuestro objetivo es que usted nunca tenga que usarla.\n<\/p>\n<p>Todos nuestros t\u00e9cnicos participan en programas de capacitaci\u00f3n integrales que superan las normas habituales de la industria. Gracias a nuestros t\u00e9cnicos cualificados y a nuestro compromiso de utilizar \u00fanicamente piezas de la mejor calidad, podemos respaldar f\u00e1cilmente nuestro trabajo con una garant\u00eda que le proteger\u00e1 mientras sea propietario de su puerta de garaje.<\/p>\n<h2>\u00bfQu\u00e9 cubre?<br \/>\n<\/h2>\n<p>Para la instalaci\u00f3n de una puerta de garaje nueva, esta garant\u00eda cubre los defectos de fabricaci\u00f3n, la mano de obra proporcionada por el franquiciado de Precision Garage Door durante la instalaci\u00f3n de la puerta, durante el plazo indicado en la secci\u00f3n &#8220;Opciones de garant\u00eda&#8221; en la portada de la factura, a partir de la fecha de instalaci\u00f3n. El fabricante de la puerta de garaje le ofrece su propia garant\u00eda independiente para la puerta y sus piezas. Esta garant\u00eda NO cubre la puerta ni sus piezas. El franquiciado de Precision Garage Door corregir\u00e1 cualquier defecto de fabricaci\u00f3n y, si una pieza est\u00e1 cubierta por la garant\u00eda del fabricante, la reparar\u00e1 o reemplazar\u00e1 sin cargo por la mano de obra o las piezas, si se indica, durante el plazo indicado en la secci\u00f3n &#8220;Opciones de garant\u00eda&#8221; en la portada de la factura, a partir de la fecha de instalaci\u00f3n. Se pueden aplicar cargos por servicio.\n<\/p>\n<p>Nota: Si la secci\u00f3n &#8220;Opciones de Garant\u00eda&#8221; de la portada de la factura se deja en blanco, la garant\u00eda se extiende por defecto a 90 d\u00edas.\n<\/p>\n<p>Para una reparaci\u00f3n completa de una puerta de garaje existente, esta garant\u00eda cubre cualquier defecto de materiales o mano de obra, incluida la instalaci\u00f3n, de las piezas nuevas y reconstruidas proporcionadas por el Franquiciado de Puertas de Garaje Precision como parte de la reparaci\u00f3n. El Franquiciado de Puertas de Garaje Precision reparar\u00e1 o, si la reparaci\u00f3n no es posible, reemplazar\u00e1 cualquier pieza o mano de obra defectuosa sin costo alguno por los materiales. Consulte el plazo indicado en la secci\u00f3n &#8220;Opciones de Garant\u00eda&#8221; de la portada de la factura. Podr\u00eda aplicarse un cargo por servicio.<\/p>\n<h2>\u00bfQu\u00e9 no est\u00e1 cubierto?<br \/>\n<\/h2>\n<p>Si alguien que no sea el franquiciado autorizado de Precision Garage Door que realiz\u00f3 el servicio original trabaja en alguna pieza nueva o reparada cubierta por esta garant\u00eda, dicha pieza y la mano de obra para repararla o reemplazarla dejar\u00e1n de estar cubiertas por esta garant\u00eda. Para instalaciones de puertas de garaje nuevas, consulte la garant\u00eda del fabricante para saber qu\u00e9 no est\u00e1 cubierto por su garant\u00eda.\n<\/p>\n<p>Esta garant\u00eda no cubre los materiales ni la mano de obra proporcionados por alguien que no sea el franquiciado autorizado de Precision Garage Door que la emite. Esta garant\u00eda no cubre da\u00f1os consecuentes o incidentales, como da\u00f1os o lesiones a personas o bienes debido al mal funcionamiento de una puerta de garaje. Algunos estados no permiten la exclusi\u00f3n o limitaci\u00f3n de da\u00f1os incidentales o consecuentes, por lo que esta limitaci\u00f3n o exclusi\u00f3n podr\u00eda no aplicarse en su caso.\n<\/p>\n<p>Esta garant\u00eda no cubre puertas con cables desplazados, desalineados o desconectados. Esta garant\u00eda no cubre problemas causados por abuso, mal uso, disturbios civiles o casos fortuitos, ni la instalaci\u00f3n o reparaci\u00f3n de puertas comerciales.<\/p>\n<h2>Duraci\u00f3n de la cobertura<br \/>\n<\/h2>\n<p>Esta garant\u00eda comienza al finalizar cualquier reparaci\u00f3n o instalaci\u00f3n. No es transferible. Para reparaciones de puertas de garaje existentes, la garant\u00eda contin\u00faa mientras el cliente original sea propietario de la puerta reparada. La garant\u00eda finaliza si el cliente original vende o deja de ser propietario de la puerta reparada o nueva. Para la instalaci\u00f3n de una puerta de garaje nueva y una reparaci\u00f3n completa, la garant\u00eda de mano de obra dura el plazo indicado en la secci\u00f3n &#8220;Opciones de garant\u00eda&#8221; en la portada de la factura a partir de la fecha de instalaci\u00f3n o reparaci\u00f3n.\n<\/p>\n<h2>Garant\u00eda de servicio parcial<br \/>\n<\/h2>\n<p>Si se selecciona esta opci\u00f3n, los t\u00e9rminos son consistentes con los de la Garant\u00eda limitada, pero duran solo 90 d\u00edas a partir de la fecha de finalizaci\u00f3n del servicio.<\/p>\n<h2>C\u00f3mo se aplica la ley estatal<\/h2>\n<p>Esta garant\u00eda le otorga derechos legales espec\u00edficos y es posible que tenga otros derechos que var\u00edan seg\u00fan el estado.\n<\/p>\n<p>Su factura es su recibo y debe presentarse antes de que se realice el trabajo de garant\u00eda. El franquiciado de Precision Garage Door no tiene la responsabilidad de proporcionar un comprobante de la garant\u00eda.\n<\/p>\n<p>Si tiene alg\u00fan problema, comun\u00edquese con Franquiciado de Precision Garage Door que realiz\u00f3 el trabajo de reparaci\u00f3n o instalaci\u00f3n para usted.<\/p>\n<p>[\/et_pb_text][\/et_pb_column][\/et_pb_row][\/et_pb_section]<\/p>\n","protected":false},"excerpt":{"rendered":"<p>Garant\u00eda de Precisi\u00f3n para Puertas de Garaje Nuestro lema es &#8220;Reparamos Puertas de Garaje Bien&#8221;.\u2122 Este enfoque \u00fanico nos ha llevado a ser pioneros en la garant\u00eda est\u00e1ndar de la industria para la reparaci\u00f3n de puertas de garaje. Sin embargo, nuestro objetivo es que usted nunca tenga que usarla. Todos nuestros t\u00e9cnicos participan en programas [&hellip;]<\/p>\n","protected":false},"author":13,"featured_media":0,"parent":0,"menu_order":0,"comment_status":"closed","ping_status":"closed","template":"","meta":{"_acf_changed":false,"_et_pb_use_builder":"on","_et_pb_old_content":"<h2 style=\"text-align: center;\"><strong>Precision Garage Door Warranty <\/strong><\/h2><p>Our slogan is \u201cWe Fix Garage Doors Right.\u201d\u2122 This singular focus has led us to pioneer the industry standard warranty for garage door repair. However, our goal is that you'll never need to use that warranty.<\/p><p>Every one of our technicians goes through\u00a0comprehensive training programs that go above and beyond typical industry norms.\u00a0Because of our skilled technicians and commitment to only using the best quality parts, we can easily back up\u00a0our work with a warranty that will protect you for as long as you own your garage door.<\/p><h2>What's Covered?<\/h2><p>For installation of a new garage door, this warranty covers defects in workmanship, for labor furnished by the Precision Garage Door Franchisee as a part of installing the new garage door for the term indicated by the \u201cWarranty Options\u201d section on the front page of the invoice from the date of installation. The garage door manufacturer provides its own separate warranty to you for the door and its parts. This warranty does NOT cover the door or its parts. The Precision Garage Door Franchisee will correct any defective workmanship and, if a part is covered by the manufacturer\u2019s warranty, he\/she will repair or replace that defective part, at no charge for labor,\u00a0or parts if indicated, for the term indicated by the \u201cWarranty Options\u201d section on the front page of the invoice from the date of installation. Service charge may apply.<\/p><p>Please note: If the \u201cWarranty Options\u201d section on the front page of the invoice is left blank, the warranty defaults to a 90 day warranty period.<\/p><p>For a complete overhaul repair to an existing garage door, this warranty covers any defects in materials or workmanship, including installation, for new and rebuilt parts furnished by the Precision Garage Door Franchisee as a part of the repair. The Precision Garage Door Franchisee will repair or, if repair is not possible, will replace any defective part or workmanship at no charge for materials.\u00a0Refer to the term indicated by the \u201cWarranty Options\u201d section on the front page of the invoice. A service charge may apply.<\/p><h2>What's Not Covered?<\/h2><p>If anyone other than the authorized Precision Garage Door Franchisee who performed the original service works on any new or repaired part covered by this warranty, then that part and the labor to repair or replace that part is no longer covered under this warranty. For new garage door installations, see the manufacturer\u2019s warranty for what is not covered under its warranty.<\/p><p>This warranty does not cover any materials or workmanship provided by anyone other than the authorized Precision Garage Door Franchisee issuing this warranty. This warranty does not cover consequential or incidental damages, such as damage or injury to a person or property because a garage door did not operate properly. Some states do not allow the exclusion or limitation of incidental or consequential damages, so this limitation or exclusion may not apply to you.<\/p><p>This warranty does not cover doors in which the door cables are displaced, misaligned, or disconnected.\u00a0This warranty does not cover problems caused by abuse, misuse, civil disturbance, or Acts of God and does not cover commercial door installation or repair.<\/p><h2>How Long Coverage Lasts<\/h2><p>This warranty begins when any repairs or installations are completed. This warranty cannot be transferred. For repairs to an existing garage door, the warranty continues for as long as the original customer owns the repaired garage door. The warranty terminates if the original customer sells or no longer owns the repaired or new garage door. For a new garage door installation and a complete overhaul repair, the labor warranty is for the term indicated by the \u201cWarranty Options\u201d section on the front page of the invoice from the date of installation or repair.<\/p><h2>Partial Service Warranty<\/h2><p>If this option is selected, the terms are consistent with the terms of the Limited Warranty, but lasting only for a 90-day period beginning on the date of service completion.<\/p><h2>How State Law Applies<\/h2><p>This warranty gives you specific legal rights and you may have other rights that vary from state to state.<\/p><p>Your invoice is your receipt and must be presented before warranty work will be provided. It is not the responsibility of the Precision Garage Door Franchisee to provide proof of warranty.<\/p><p>If you have a problem, contact the Precision Garage Door Franchisee that did the repair or installation work for you.<\/p>","_et_gb_content_width":"","footnotes":""},"class_list":["post-1757","page","type-page","status-publish","hentry"],"acf":[],"yoast_head":"<!-- This site is optimized with the Yoast SEO plugin v27.1.1 - https:\/\/yoast.com\/product\/yoast-seo-wordpress\/ -->\n<title>Garage Door Warranty - Precision Garage Door<\/title>\n<meta name=\"description\" content=\"Precision Garage Door Services offers an industry-leading garage door warranty backed by skilled technicians and quality parts.\" \/>\n<meta name=\"robots\" content=\"index, follow, max-snippet:-1, max-image-preview:large, max-video-preview:-1\" \/>\n<link rel=\"canonical\" href=\"https:\/\/precisiongaragedoorofthekeys.com\/esp\/areas-we-serve\/\" \/>\n<meta property=\"og:locale\" content=\"en_US\" \/>\n<meta property=\"og:type\" content=\"article\" \/>\n<meta property=\"og:title\" content=\"Garage Door Warranty - Precision Garage Door\" \/>\n<meta property=\"og:description\" content=\"Precision Garage Door Services offers an industry-leading garage door warranty backed by skilled technicians and quality parts.\" \/>\n<meta property=\"og:url\" content=\"https:\/\/precisiongaragedoorofthekeys.com\/esp\/areas-we-serve\/\" \/>\n<meta property=\"og:site_name\" content=\"Precision Door Services Spanish\" \/>\n<meta property=\"article:modified_time\" content=\"2025-08-19T06:33:10+00:00\" \/>\n<meta name=\"twitter:card\" content=\"summary_large_image\" \/>\n<meta name=\"twitter:label1\" content=\"Est. reading time\" \/>\n\t<meta name=\"twitter:data1\" content=\"4 minutes\" \/>\n<script type=\"application\/ld+json\" class=\"yoast-schema-graph\">{\"@context\":\"https:\/\/schema.org\",\"@graph\":[{\"@type\":\"WebPage\",\"@id\":\"https:\/\/precisiongaragedoorofthekeys.com\/esp\/garage-door-warranty\/\",\"url\":\"https:\/\/precisiongaragedoorofthekeys.com\/esp\/areas-we-serve\/\",\"name\":\"Garage Door Warranty - Precision Garage Door\",\"isPartOf\":{\"@id\":\"https:\/\/precisiongaragedoorofthekeys.com\/esp\/#website\"},\"datePublished\":\"2022-03-11T21:26:34+00:00\",\"dateModified\":\"2025-08-19T06:33:10+00:00\",\"description\":\"Precision Garage Door Services offers an industry-leading garage door warranty backed by skilled technicians and quality parts.\",\"breadcrumb\":{\"@id\":\"https:\/\/precisiongaragedoorofthekeys.com\/esp\/areas-we-serve\/#breadcrumb\"},\"inLanguage\":\"en-US\",\"potentialAction\":[{\"@type\":\"ReadAction\",\"target\":[\"https:\/\/precisiongaragedoorofthekeys.com\/esp\/areas-we-serve\/\"]}]},{\"@type\":\"BreadcrumbList\",\"@id\":\"https:\/\/precisiongaragedoorofthekeys.com\/esp\/areas-we-serve\/#breadcrumb\",\"itemListElement\":[{\"@type\":\"ListItem\",\"position\":1,\"name\":\"Home\",\"item\":\"https:\/\/precisiongaragedoorofthekeys.com\/esp\/\"},{\"@type\":\"ListItem\",\"position\":2,\"name\":\"Garant\u00eda\"}]},{\"@type\":\"WebSite\",\"@id\":\"https:\/\/precisiongaragedoorofthekeys.com\/esp\/#website\",\"url\":\"https:\/\/precisiongaragedoorofthekeys.com\/esp\/\",\"name\":\"Precision Door Services Spanish\",\"description\":\"\",\"potentialAction\":[{\"@type\":\"SearchAction\",\"target\":{\"@type\":\"EntryPoint\",\"urlTemplate\":\"https:\/\/precisiongaragedoorofthekeys.com\/esp\/?s={search_term_string}\"},\"query-input\":{\"@type\":\"PropertyValueSpecification\",\"valueRequired\":true,\"valueName\":\"search_term_string\"}}],\"inLanguage\":\"en-US\"}]}<\/script>\n<!-- \/ Yoast SEO plugin. -->","yoast_head_json":{"title":"Garage Door Warranty - Precision Garage Door","description":"Precision Garage Door Services offers an industry-leading garage door warranty backed by skilled technicians and quality parts.","robots":{"index":"index","follow":"follow","max-snippet":"max-snippet:-1","max-image-preview":"max-image-preview:large","max-video-preview":"max-video-preview:-1"},"canonical":"https:\/\/precisiongaragedoorofthekeys.com\/esp\/areas-we-serve\/","og_locale":"en_US","og_type":"article","og_title":"Garage Door Warranty - Precision Garage Door","og_description":"Precision Garage Door Services offers an industry-leading garage door warranty backed by skilled technicians and quality parts.","og_url":"https:\/\/precisiongaragedoorofthekeys.com\/esp\/areas-we-serve\/","og_site_name":"Precision Door Services Spanish","article_modified_time":"2025-08-19T06:33:10+00:00","twitter_card":"summary_large_image","twitter_misc":{"Est. reading time":"4 minutes"},"schema":{"@context":"https:\/\/schema.org","@graph":[{"@type":"WebPage","@id":"https:\/\/precisiongaragedoorofthekeys.com\/esp\/garage-door-warranty\/","url":"https:\/\/precisiongaragedoorofthekeys.com\/esp\/areas-we-serve\/","name":"Garage Door Warranty - Precision Garage Door","isPartOf":{"@id":"https:\/\/precisiongaragedoorofthekeys.com\/esp\/#website"},"datePublished":"2022-03-11T21:26:34+00:00","dateModified":"2025-08-19T06:33:10+00:00","description":"Precision Garage Door Services offers an industry-leading garage door warranty backed by skilled technicians and quality parts.","breadcrumb":{"@id":"https:\/\/precisiongaragedoorofthekeys.com\/esp\/areas-we-serve\/#breadcrumb"},"inLanguage":"en-US","potentialAction":[{"@type":"ReadAction","target":["https:\/\/precisiongaragedoorofthekeys.com\/esp\/areas-we-serve\/"]}]},{"@type":"BreadcrumbList","@id":"https:\/\/precisiongaragedoorofthekeys.com\/esp\/areas-we-serve\/#breadcrumb","itemListElement":[{"@type":"ListItem","position":1,"name":"Home","item":"https:\/\/precisiongaragedoorofthekeys.com\/esp\/"},{"@type":"ListItem","position":2,"name":"Garant\u00eda"}]},{"@type":"WebSite","@id":"https:\/\/precisiongaragedoorofthekeys.com\/esp\/#website","url":"https:\/\/precisiongaragedoorofthekeys.com\/esp\/","name":"Precision Door Services Spanish","description":"","potentialAction":[{"@type":"SearchAction","target":{"@type":"EntryPoint","urlTemplate":"https:\/\/precisiongaragedoorofthekeys.com\/esp\/?s={search_term_string}"},"query-input":{"@type":"PropertyValueSpecification","valueRequired":true,"valueName":"search_term_string"}}],"inLanguage":"en-US"}]}},"_links":{"self":[{"href":"https:\/\/precisiongaragedoorofthekeys.com\/esp\/wp-json\/wp\/v2\/pages\/1757","targetHints":{"allow":["GET"]}}],"collection":[{"href":"https:\/\/precisiongaragedoorofthekeys.com\/esp\/wp-json\/wp\/v2\/pages"}],"about":[{"href":"https:\/\/precisiongaragedoorofthekeys.com\/esp\/wp-json\/wp\/v2\/types\/page"}],"author":[{"embeddable":true,"href":"https:\/\/precisiongaragedoorofthekeys.com\/esp\/wp-json\/wp\/v2\/users\/13"}],"replies":[{"embeddable":true,"href":"https:\/\/precisiongaragedoorofthekeys.com\/esp\/wp-json\/wp\/v2\/comments?post=1757"}],"version-history":[{"count":0,"href":"https:\/\/precisiongaragedoorofthekeys.com\/esp\/wp-json\/wp\/v2\/pages\/1757\/revisions"}],"wp:attachment":[{"href":"https:\/\/precisiongaragedoorofthekeys.com\/esp\/wp-json\/wp\/v2\/media?parent=1757"}],"curies":[{"name":"wp","href":"https:\/\/api.w.org\/{rel}","templated":true}]}}