{"id":2242,"date":"2022-03-23T13:08:44","date_gmt":"2022-03-23T18:08:44","guid":{"rendered":"https:\/\/precisionmidev.wpenginepowered.com\/esp\/?page_id=2242"},"modified":"2025-09-10T05:08:52","modified_gmt":"2025-09-10T10:08:52","slug":"simple-warranty","status":"publish","type":"page","link":"https:\/\/precisiongaragedoorofthekeys.com\/esp\/simple-warranty\/","title":{"rendered":"Garant\u00eda"},"content":{"rendered":"<p>[et_pb_section fb_built=&#8221;1&#8243; admin_label=&#8221;Header&#8221; _builder_version=&#8221;4.18.0&#8243; _module_preset=&#8221;default&#8221; use_background_color_gradient=&#8221;on&#8221; background_color_gradient_direction=&#8221;1deg&#8221; background_color_gradient_stops=&#8221;rgba(0,0,0,0.7) 0%|rgba(0,0,0,0.7) 100%&#8221; background_color_gradient_overlays_image=&#8221;on&#8221; background_color_gradient_start=&#8221;rgba(10,0,1,0.7)&#8221; background_color_gradient_end=&#8221;rgba(10,0,1,0)&#8221; background_color_gradient_end_position=&#8221;30%&#8221; background_image=&#8221;https:\/\/precisiongaragedoorofthekeys.com\/esp\/wp-content\/uploads\/sites\/3\/2020\/11\/CTAandBanner-min.jpg&#8221; custom_padding=&#8221;50px||50px||true|false&#8221; background_last_edited=&#8221;on|phone&#8221; background_size_phone=&#8221;cover&#8221; background_position_phone=&#8221;center&#8221; custom_css_main_element=&#8221;background-position: center bottom 25% !important;&#8221; locked=&#8221;off&#8221; global_colors_info=&#8221;%91%93&#8243; custom_css_main_element_last_edited=&#8221;on|phone&#8221; custom_css_main_element_phone=&#8221;background-position: right 20% center;&#8221; custom_css_main_element_tablet=&#8221;background-position: center bottom 25% !important;&#8221;][et_pb_row custom_padding_last_edited=&#8221;on|phone&#8221; _builder_version=&#8221;4.16&#8243; _module_preset=&#8221;default&#8221; width_tablet=&#8221;&#8221; width_phone=&#8221;&#8221; width_last_edited=&#8221;on|phone&#8221; custom_padding_tablet=&#8221;&#8221; custom_padding_phone=&#8221;||0px||false|false&#8221; global_colors_info=&#8221;%91%93&#8243;][et_pb_column type=&#8221;4_4&#8243; _builder_version=&#8221;4.16&#8243; _module_preset=&#8221;default&#8221; global_colors_info=&#8221;{}&#8221;][et_pb_text admin_label=&#8221;Header&#8221; _builder_version=&#8221;4.18.0&#8243; _dynamic_attributes=&#8221;content&#8221; _module_preset=&#8221;default&#8221; background_layout=&#8221;dark&#8221; global_colors_info=&#8221;%91%93&#8243;]@ET-DC@eyJkeW5hbWljIjp0cnVlLCJjb250ZW50IjoicG9zdF90aXRsZSIsInNldHRpbmdzIjp7ImJlZm9yZSI6IjxoMT4iLCJhZnRlciI6IjwvaDE+In19@[\/et_pb_text][\/et_pb_column][\/et_pb_row][\/et_pb_section][et_pb_section fb_built=&#8221;1&#8243; _builder_version=&#8221;4.27.0&#8243; _module_preset=&#8221;default&#8221; global_colors_info=&#8221;{}&#8221;][et_pb_row _builder_version=&#8221;4.27.0&#8243; _module_preset=&#8221;default&#8221; global_colors_info=&#8221;{}&#8221;][et_pb_column type=&#8221;4_4&#8243; _builder_version=&#8221;4.27.0&#8243; _module_preset=&#8221;default&#8221; global_colors_info=&#8221;{}&#8221;][et_pb_text _builder_version=&#8221;4.27.0&#8243; _module_preset=&#8221;default&#8221; hover_enabled=&#8221;0&#8243; global_colors_info=&#8221;{}&#8221; sticky_enabled=&#8221;0&#8243;]<\/p>\n<h2 style=\"text-align: center;\"><strong>Precision Garant\u00eda Limitada <span data-olk-copy-source=\"MessageBody\">por Vida para Puertas de Garaje <\/span><\/strong><\/h2>\n<p>Nuestro lema es &#8220;Reparamos puertas de garaje correctamente&#8221;.\u2122 Este enfoque \u00fanico nos ha llevado a ser pioneros en la garant\u00eda est\u00e1ndar de la industria para la reparaci\u00f3n de puertas de garaje. Sin embargo, nuestro objetivo es que usted nunca tenga que usarla.<\/p>\n<p>Todos nuestros t\u00e9cnicos participan en programas de capacitaci\u00f3n integrales que superan las normas habituales de la industria. Gracias a nuestros t\u00e9cnicos cualificados y a nuestro compromiso de utilizar \u00fanicamente piezas de la mejor calidad, podemos respaldar f\u00e1cilmente nuestro trabajo con una garant\u00eda que le proteger\u00e1 mientras sea propietario de su puerta de garaje.<\/p>\n<h2>Cobertura<\/h2>\n<h4><span style=\"color: #00513a;\"><span data-olk-copy-source=\"MessageBody\">Instalaci\u00f3n:<\/span><\/span><\/h4>\n<p><span data-olk-copy-source=\"MessageBody\">Instalaci\u00f3n de puertas de garaje nuevas. Para la instalaci\u00f3n de una puerta de garaje nueva, esta garant\u00eda cubre los defectos de fabricaci\u00f3n, la mano de obra proporcionada por el franquiciado de Precision Door Service como parte de la instalaci\u00f3n de la nueva puerta de garaje, durante el plazo indicado en la garant\u00eda espec\u00edfica asociada a cada art\u00edculo en la factura a partir de la fecha de instalaci\u00f3n. El fabricante de la puerta de garaje le ofrece su propia garant\u00eda independiente para la puerta y sus piezas. Esta garant\u00eda, a criterio del Franquiciado de Precision Door, tambi\u00e9n puede cubrir defectos en piezas que excedan la garant\u00eda del fabricante, seg\u00fan se indica en la garant\u00eda espec\u00edfica de cada art\u00edculo en la factura. El Franquiciado de Precision Door Service corregir\u00e1 cualquier defecto de fabricaci\u00f3n y, si una pieza est\u00e1 cubierta por esta garant\u00eda o por la del fabricante, reparar\u00e1 o reemplazar\u00e1 dicha pieza defectuosa, sin cargo por mano de obra o piezas, si se indica, durante el plazo indicado en la garant\u00eda espec\u00edfica de cada art\u00edculo en la factura a partir de la fecha de instalaci\u00f3n. Se pueden aplicar cargos por servicio. Nota: Si la garant\u00eda espec\u00edfica de cada art\u00edculo en la factura se deja en blanco, la garant\u00eda se establece por defecto en un per\u00edodo de 90 d\u00edas.<\/span><\/p>\n<h4><span style=\"color: #00513a;\"><span data-olk-copy-source=\"MessageBody\">Reparaciones:<\/span><\/span><\/h4>\n<p><span data-olk-copy-source=\"MessageBody\">Para la reparaci\u00f3n de una puerta de garaje existente, esta garant\u00eda cubre cualquier defecto de materiales o fabricaci\u00f3n, incluida la instalaci\u00f3n, de las piezas proporcionadas por el Franquiciado de Precision Door Service como parte de la reparaci\u00f3n. El Franquiciado de Precision Door Service reparar\u00e1 o, si la reparaci\u00f3n no es posible, reemplazar\u00e1 cualquier pieza o fabricaci\u00f3n defectuosa sin cargo por piezas o materiales. Consulte el plazo indicado en la garant\u00eda espec\u00edfica asociada a cada art\u00edculo en la factura. Podr\u00eda aplicarse un cargo por servicio.<\/span><\/p>\n<h4><span style=\"color: #00513a;\"><span data-olk-copy-source=\"MessageBody\">Duraci\u00f3n de la Cobertura:<\/span><\/span><\/h4>\n<p><span data-olk-copy-source=\"MessageBody\">Esta garant\u00eda comienza al finalizar las reparaciones o cualquier instalaci\u00f3n. Esta garant\u00eda no es transferible. La garant\u00eda finaliza si el cliente original vende o deja de ser propietario de la puerta de garaje reparada o nueva. Para la instalaci\u00f3n de una puerta de garaje nueva o la reparaci\u00f3n de una puerta existente, la garant\u00eda de mano de obra dura el plazo indicado en la garant\u00eda espec\u00edfica asociada a cada art\u00edculo en la factura, a partir de la fecha de instalaci\u00f3n o reparaci\u00f3n.<\/span><\/p>\n<h2>\u00bfQu\u00e9 no Est\u00e1 Cubierto?<\/h2>\n<p>Si alguien distinto al franquiciado autorizado de Precision Door Service realiz\u00f3 el servicio original en cualquier pieza nueva o reparada cubierta por esta garant\u00eda, dicha pieza y la mano de obra para repararla o reemplazarla dejar\u00e1n de estar cubiertas por esta garant\u00eda. Para instalaciones de puertas de garaje nuevas, consulte la garant\u00eda del fabricante para saber qu\u00e9 no est\u00e1 cubierto por la misma.<\/p>\n<p>Esta garant\u00eda no cubre los materiales ni la mano de obra proporcionados por alguien distinto al franquiciado autorizado de Precision Door Service que la emite. Esta garant\u00eda no cubre da\u00f1os consecuentes o incidentales, como da\u00f1os o lesiones a personas o bienes causados por un mal funcionamiento de la puerta de garaje. Algunos estados no permiten la exclusi\u00f3n o limitaci\u00f3n de da\u00f1os incidentales o consecuentes, por lo que esta limitaci\u00f3n o exclusi\u00f3n podr\u00eda no aplicarse en su caso. Esta garant\u00eda no cubre puertas con cables desplazados, desalineados o desconectados. Esta garant\u00eda no cubre problemas causados por abuso, mal uso, disturbios civiles o casos fortuitos, ni la instalaci\u00f3n o reparaci\u00f3n de puertas comerciales.<\/p>\n<h2>C\u00f3mo se Aplica la Ley Estatal<\/h2>\n<p><span data-olk-copy-source=\"MessageBody\">Esta garant\u00eda le otorga derechos legales espec\u00edficos, y usted podr\u00eda tener otros derechos que var\u00edan seg\u00fan el estado. Esta factura es su recibo y debe presentarse antes de que se realice el trabajo cubierto por la garant\u00eda. El franquiciado de Precision Door Service no es responsable de proporcionar un comprobante de la garant\u00eda.<\/span><\/p>\n<h2><span data-olk-copy-source=\"MessageBody\">C\u00f3mo Presentar una Reclamaci\u00f3n<\/span><\/h2>\n<p>Para presentar una reclamaci\u00f3n por cualquier servicio cubierto por la garant\u00eda que le proporcionamos, cont\u00e1ctenos directamente mediante cualquiera de las siguientes opciones:<\/p>\n<div class=\"x_elementToProof\" data-ogsc=\"rgb(0, 0, 0)\">Llamar al: <a href=\"tel:3054141072\"><strong>305-414-1072<\/strong><\/a><\/div>\n<p>[\/et_pb_text][\/et_pb_column][\/et_pb_row][\/et_pb_section][et_pb_section fb_built=&#8221;1&#8243; disabled_on=&#8221;on|on|on&#8221; admin_label=&#8221;section&#8221; _builder_version=&#8221;4.18.0&#8243; custom_padding=&#8221;||0px||false|false&#8221; disabled=&#8221;on&#8221; global_colors_info=&#8221;{}&#8221;][et_pb_row _builder_version=&#8221;4.18.0&#8243; _module_preset=&#8221;default&#8221; global_colors_info=&#8221;{}&#8221;][et_pb_column type=&#8221;4_4&#8243; _builder_version=&#8221;4.18.0&#8243; _module_preset=&#8221;default&#8221; global_colors_info=&#8221;{}&#8221;][et_pb_text _builder_version=&#8221;4.27.0&#8243; _module_preset=&#8221;default&#8221; text_orientation=&#8221;center&#8221; global_colors_info=&#8221;{}&#8221;]<\/p>\n<h4>Precision Garage Door ha sido pionero en la garant\u00eda est\u00e1ndar de la industria para la reparaci\u00f3n de puertas de garaje.<\/h4>\n<p>[\/et_pb_text][\/et_pb_column][\/et_pb_row][et_pb_row column_structure=&#8221;1_2,1_2&#8243; use_custom_gutter=&#8221;on&#8221; admin_label=&#8221;row&#8221; _builder_version=&#8221;4.18.0&#8243; background_size=&#8221;initial&#8221; background_position=&#8221;top_left&#8221; background_repeat=&#8221;repeat&#8221; global_colors_info=&#8221;{}&#8221;][et_pb_column type=&#8221;1_2&#8243; _builder_version=&#8221;4.16&#8243; custom_padding=&#8221;|||&#8221; global_colors_info=&#8221;{}&#8221; custom_padding__hover=&#8221;|||&#8221;][et_pb_text _builder_version=&#8221;4.27.0&#8243; _module_preset=&#8221;default&#8221; header_text_align=&#8221;center&#8221; text_orientation=&#8221;center&#8221; global_colors_info=&#8221;{}&#8221;]<\/p>\n<h3>Garant\u00edas de Piezas y Servicios<br \/><span><\/span><\/h3>\n<p>[\/et_pb_text][et_pb_text _builder_version=&#8221;4.27.0&#8243; _module_preset=&#8221;default&#8221; custom_margin=&#8221;||30px||false|false&#8221; global_colors_info=&#8221;{}&#8221;]<\/p>\n<p>Nuestros t\u00e9cnicos revisan la garant\u00eda antes de comenzar cualquier trabajo en su hogar y la documentamos en el presupuesto y la factura posterior, ya sea en el resumen o en la lista de art\u00edculos. Nuestra garant\u00eda de piezas es la mejor de la zona.<\/p>\n<p><strong>Intransferibilidad:<\/strong><span>\u00a0<\/span> Nuestras garant\u00edas son intransferibles. Las garant\u00edas corresponden al comprador original de nuestros productos.<\/p>\n<p>[\/et_pb_text][\/et_pb_column][et_pb_column type=&#8221;1_2&#8243; _builder_version=&#8221;4.16&#8243; custom_padding=&#8221;|||&#8221; global_colors_info=&#8221;{}&#8221; custom_padding__hover=&#8221;|||&#8221;][et_pb_text _builder_version=&#8221;4.27.0&#8243; _module_preset=&#8221;default&#8221; header_text_align=&#8221;center&#8221; text_orientation=&#8221;center&#8221; global_colors_info=&#8221;{}&#8221;]<\/p>\n<h3>Garant\u00edas de Puertas Nuevas<\/h3>\n<p>[\/et_pb_text][et_pb_text _builder_version=&#8221;4.27.0&#8243; _module_preset=&#8221;default&#8221; custom_margin=&#8221;||30px||false|false&#8221; global_colors_info=&#8221;{}&#8221;]<\/p>\n<p>Hemos trabajado con nuestros proveedores para asegurar algunas de las garant\u00edas m\u00e1s s\u00f3lidas del sector.<\/p>\n<p>Disponemos de varias puertas con garant\u00edas limitadas de por vida para piezas y pintura. Si no le convence la garant\u00eda de piezas del fabricante, podemos mejorar sus piezas por un cargo adicional, lo que extender\u00e1 la duraci\u00f3n de la garant\u00eda.<\/p>\n<p>[\/et_pb_text][\/et_pb_column][\/et_pb_row][et_pb_row _builder_version=&#8221;4.18.0&#8243; _module_preset=&#8221;default&#8221; global_colors_info=&#8221;{}&#8221;][et_pb_column type=&#8221;4_4&#8243; _builder_version=&#8221;4.18.0&#8243; _module_preset=&#8221;default&#8221; global_colors_info=&#8221;{}&#8221;][et_pb_text _builder_version=&#8221;4.27.0&#8243; _module_preset=&#8221;default&#8221; text_text_color=&#8221;#FFFFFF&#8221; text_font_size=&#8221;20px&#8221; link_text_color=&#8221;#FFFFFF&#8221; background_color=&#8221;#00513A&#8221; text_orientation=&#8221;center&#8221; custom_padding=&#8221;30px|20px|30px|20px|true|true&#8221; global_colors_info=&#8221;{}&#8221;]<span>Para obtener m\u00e1s informaci\u00f3n sobre nuestras garant\u00edas, consulte nuestra\u00a0<\/span><a href=\"https:\/\/precisiongaragedoorofthekeys.com\/esp\/garage-door-warranty\/\">Informaci\u00f3n completa de garant\u00eda<\/a><span>\u00a0o ll\u00e1menos al\u00a0<\/span><a href=\"tel:3054141072\">305-414-1072<\/a><span>.<\/span>[\/et_pb_text][\/et_pb_column][\/et_pb_row][\/et_pb_section]<\/p>\n","protected":false},"excerpt":{"rendered":"<p>Precision Garant\u00eda Limitada por Vida para Puertas de Garaje Nuestro lema es &#8220;Reparamos puertas de garaje correctamente&#8221;.\u2122 Este enfoque \u00fanico nos ha llevado a ser pioneros en la garant\u00eda est\u00e1ndar de la industria para la reparaci\u00f3n de puertas de garaje. Sin embargo, nuestro objetivo es que usted nunca tenga que usarla. Todos nuestros t\u00e9cnicos participan [&hellip;]<\/p>\n","protected":false},"author":13,"featured_media":0,"parent":0,"menu_order":0,"comment_status":"closed","ping_status":"closed","template":"","meta":{"_acf_changed":false,"_et_pb_use_builder":"on","_et_pb_old_content":"<h4 style=\"text-align: center;\">Precision Garage Door has pioneered the industry standard warranty for garage door repair.<\/h4>\r\n[vc_row columns=\"2\" css=\"%7B%22default%22%3A%7B%22margin-top%22%3A%22-40px%22%7D%7D\"][vc_column width=\"1\/2\"]\r\n<h3 style=\"text-align: center;\">Parts & Service Warranties<\/h3>\r\n[vc_column_text css=\"%7B%22default%22%3A%7B%22margin-top%22%3A%2220px%22%7D%7D\"]\r\n\r\nOur technicians discuss the warranty before beginning any work at your home, and we document it on the estimate and following invoice, either in the summary or in the line-item list. Our parts warranty is the best in the area.\r\n\r\n<strong>Non-Transferability:<\/strong> Our Warranties are non-transferrable. Warranties are for the original purchaser of our products.\r\n\r\n[\/vc_column][vc_column width=\"1\/2\"]\r\n<h3 style=\"text-align: center;\">New Door Warranties<\/h3>\r\n[vc_column_text css=\"%7B%22default%22%3A%7B%22margin-top%22%3A%2220px%22%7D%7D\"]We've worked with our suppliers to secure some of the strongest warranties in the business.\r\n\r\nWe have a number of doors with limited lifetime warranties on parts and paint. If you aren't crazy about our manufacturer's parts guarantee, we can upgrade your parts for an extra charge, which will extend warranty time.\r\n\r\n[vc_row css=\"%7B%22default%22%3A%7B%22margin-top%22%3A%22-15px%22%7D%7D\"][vc_column][vc_column_text css=\"%7B%22default%22%3A%7B%22color%22%3A%22%23ffffff%22%2C%22font-weight%22%3A%22700%22%2C%22font-size%22%3A%2220px%22%2C%22background-color%22%3A%22%2300523d%22%2C%22padding-left%22%3A%2220px%22%2C%22padding-top%22%3A%2210px%22%2C%22padding-bottom%22%3A%2210px%22%2C%22padding-right%22%3A%2220px%22%2C%22box-shadow-h-offset%22%3A%222%22%2C%22box-shadow-v-offset%22%3A%222%22%2C%22box-shadow-blur%22%3A%222%22%2C%22box-shadow-spread%22%3A%222%22%2C%22box-shadow-color%22%3A%22%23f5f5f5%22%7D%7D\" el_class=\"cta-box\"]\r\n<p style=\"text-align: center;\">For further information on our warranties, view our <a href=\"https:\/\/precisiongaragedoorofthekeys.com\/esp\/garage-door-warranty\/\">Full Warranty Information<\/a> or call us at <a href=\"tel:8887909360\">(888) 790-9360<\/a>.<\/p>\r\n","_et_gb_content_width":"","footnotes":""},"class_list":["post-2242","page","type-page","status-publish","hentry"],"acf":[],"yoast_head":"<!-- This site is optimized with the Yoast SEO plugin v27.1.1 - https:\/\/yoast.com\/product\/yoast-seo-wordpress\/ -->\n<title>Plain &amp; Simple Warranty - Precision Garage Door of Marathon<\/title>\n<meta name=\"description\" content=\"Precision Garage Door offers the best warranty in the area for both professional repairs and new door installation.\" \/>\n<meta name=\"robots\" content=\"index, follow, max-snippet:-1, max-image-preview:large, max-video-preview:-1\" \/>\n<link rel=\"canonical\" href=\"https:\/\/precisiongaragedoorofthekeys.com\/esp\/simple-warranty\/\" \/>\n<meta property=\"og:locale\" content=\"en_US\" \/>\n<meta property=\"og:type\" content=\"article\" \/>\n<meta property=\"og:title\" content=\"Plain &amp; Simple Warranty - Precision Garage Door of Marathon\" \/>\n<meta property=\"og:description\" content=\"Precision Garage Door offers the best warranty in the area for both professional repairs and new door installation.\" \/>\n<meta property=\"og:url\" content=\"https:\/\/precisiongaragedoorofthekeys.com\/esp\/simple-warranty\/\" \/>\n<meta property=\"og:site_name\" content=\"Precision Door Services Spanish\" \/>\n<meta property=\"article:modified_time\" content=\"2025-09-10T10:08:52+00:00\" \/>\n<meta name=\"twitter:card\" content=\"summary_large_image\" \/>\n<meta name=\"twitter:label1\" content=\"Est. reading time\" \/>\n\t<meta name=\"twitter:data1\" content=\"4 minutes\" \/>\n<script type=\"application\/ld+json\" class=\"yoast-schema-graph\">{\"@context\":\"https:\/\/schema.org\",\"@graph\":[{\"@type\":\"WebPage\",\"@id\":\"https:\/\/precisiongaragedoorofthekeys.com\/esp\/simple-warranty\/\",\"url\":\"https:\/\/precisiongaragedoorofthekeys.com\/esp\/simple-warranty\/\",\"name\":\"Plain & Simple Warranty - Precision Garage Door of Marathon\",\"isPartOf\":{\"@id\":\"https:\/\/precisiongaragedoorofthekeys.com\/esp\/#website\"},\"datePublished\":\"2022-03-23T18:08:44+00:00\",\"dateModified\":\"2025-09-10T10:08:52+00:00\",\"description\":\"Precision Garage Door offers the best warranty in the area for both professional repairs and new door installation.\",\"breadcrumb\":{\"@id\":\"https:\/\/precisiongaragedoorofthekeys.com\/esp\/simple-warranty\/#breadcrumb\"},\"inLanguage\":\"en-US\",\"potentialAction\":[{\"@type\":\"ReadAction\",\"target\":[\"https:\/\/precisiongaragedoorofthekeys.com\/esp\/simple-warranty\/\"]}]},{\"@type\":\"BreadcrumbList\",\"@id\":\"https:\/\/precisiongaragedoorofthekeys.com\/esp\/simple-warranty\/#breadcrumb\",\"itemListElement\":[{\"@type\":\"ListItem\",\"position\":1,\"name\":\"Home\",\"item\":\"https:\/\/precisiongaragedoorofthekeys.com\/esp\/\"},{\"@type\":\"ListItem\",\"position\":2,\"name\":\"Garant\u00eda\"}]},{\"@type\":\"WebSite\",\"@id\":\"https:\/\/precisiongaragedoorofthekeys.com\/esp\/#website\",\"url\":\"https:\/\/precisiongaragedoorofthekeys.com\/esp\/\",\"name\":\"Precision Door Services Spanish\",\"description\":\"\",\"potentialAction\":[{\"@type\":\"SearchAction\",\"target\":{\"@type\":\"EntryPoint\",\"urlTemplate\":\"https:\/\/precisiongaragedoorofthekeys.com\/esp\/?s={search_term_string}\"},\"query-input\":{\"@type\":\"PropertyValueSpecification\",\"valueRequired\":true,\"valueName\":\"search_term_string\"}}],\"inLanguage\":\"en-US\"}]}<\/script>\n<!-- \/ Yoast SEO plugin. -->","yoast_head_json":{"title":"Plain & Simple Warranty - Precision Garage Door of Marathon","description":"Precision Garage Door offers the best warranty in the area for both professional repairs and new door installation.","robots":{"index":"index","follow":"follow","max-snippet":"max-snippet:-1","max-image-preview":"max-image-preview:large","max-video-preview":"max-video-preview:-1"},"canonical":"https:\/\/precisiongaragedoorofthekeys.com\/esp\/simple-warranty\/","og_locale":"en_US","og_type":"article","og_title":"Plain & Simple Warranty - Precision Garage Door of Marathon","og_description":"Precision Garage Door offers the best warranty in the area for both professional repairs and new door installation.","og_url":"https:\/\/precisiongaragedoorofthekeys.com\/esp\/simple-warranty\/","og_site_name":"Precision Door Services Spanish","article_modified_time":"2025-09-10T10:08:52+00:00","twitter_card":"summary_large_image","twitter_misc":{"Est. reading time":"4 minutes"},"schema":{"@context":"https:\/\/schema.org","@graph":[{"@type":"WebPage","@id":"https:\/\/precisiongaragedoorofthekeys.com\/esp\/simple-warranty\/","url":"https:\/\/precisiongaragedoorofthekeys.com\/esp\/simple-warranty\/","name":"Plain & Simple Warranty - Precision Garage Door of Marathon","isPartOf":{"@id":"https:\/\/precisiongaragedoorofthekeys.com\/esp\/#website"},"datePublished":"2022-03-23T18:08:44+00:00","dateModified":"2025-09-10T10:08:52+00:00","description":"Precision Garage Door offers the best warranty in the area for both professional repairs and new door installation.","breadcrumb":{"@id":"https:\/\/precisiongaragedoorofthekeys.com\/esp\/simple-warranty\/#breadcrumb"},"inLanguage":"en-US","potentialAction":[{"@type":"ReadAction","target":["https:\/\/precisiongaragedoorofthekeys.com\/esp\/simple-warranty\/"]}]},{"@type":"BreadcrumbList","@id":"https:\/\/precisiongaragedoorofthekeys.com\/esp\/simple-warranty\/#breadcrumb","itemListElement":[{"@type":"ListItem","position":1,"name":"Home","item":"https:\/\/precisiongaragedoorofthekeys.com\/esp\/"},{"@type":"ListItem","position":2,"name":"Garant\u00eda"}]},{"@type":"WebSite","@id":"https:\/\/precisiongaragedoorofthekeys.com\/esp\/#website","url":"https:\/\/precisiongaragedoorofthekeys.com\/esp\/","name":"Precision Door Services Spanish","description":"","potentialAction":[{"@type":"SearchAction","target":{"@type":"EntryPoint","urlTemplate":"https:\/\/precisiongaragedoorofthekeys.com\/esp\/?s={search_term_string}"},"query-input":{"@type":"PropertyValueSpecification","valueRequired":true,"valueName":"search_term_string"}}],"inLanguage":"en-US"}]}},"_links":{"self":[{"href":"https:\/\/precisiongaragedoorofthekeys.com\/esp\/wp-json\/wp\/v2\/pages\/2242","targetHints":{"allow":["GET"]}}],"collection":[{"href":"https:\/\/precisiongaragedoorofthekeys.com\/esp\/wp-json\/wp\/v2\/pages"}],"about":[{"href":"https:\/\/precisiongaragedoorofthekeys.com\/esp\/wp-json\/wp\/v2\/types\/page"}],"author":[{"embeddable":true,"href":"https:\/\/precisiongaragedoorofthekeys.com\/esp\/wp-json\/wp\/v2\/users\/13"}],"replies":[{"embeddable":true,"href":"https:\/\/precisiongaragedoorofthekeys.com\/esp\/wp-json\/wp\/v2\/comments?post=2242"}],"version-history":[{"count":0,"href":"https:\/\/precisiongaragedoorofthekeys.com\/esp\/wp-json\/wp\/v2\/pages\/2242\/revisions"}],"wp:attachment":[{"href":"https:\/\/precisiongaragedoorofthekeys.com\/esp\/wp-json\/wp\/v2\/media?parent=2242"}],"curies":[{"name":"wp","href":"https:\/\/api.w.org\/{rel}","templated":true}]}}